{"id":5,"date":"2015-08-21T18:26:25","date_gmt":"2015-08-21T18:26:25","guid":{"rendered":"http:\/\/atoutelec.palaffre.fr\/?page_id=5"},"modified":"2018-06-20T09:51:35","modified_gmt":"2018-06-20T09:51:35","slug":"presentation","status":"publish","type":"page","link":"https:\/\/atoutelec.palaffre.fr\/","title":{"rendered":"Accueil"},"content":{"rendered":"<p>Pour tous vos travaux de r\u00e9novation, AtoutElec vous conseillera et vous proposera la solution adapt\u00e9e \u00e0 vos besoins.<\/p>\n<p>AtoutElec intervient aussi pour des d\u00e9pannages dans plusieurs domaines tels que l&rsquo;\u00e9lectricit\u00e9 g\u00e9n\u00e9rale ou les courants faibles (Interphonie, Automatisme, Domotique, &#8230;).<\/p>\n<p>AtoutElec propose \u00e9galement des services pour les professionnels comme du remplacement d&rsquo;\u00e9clairage ou de la r\u00e9novation de commerce.<\/p>\n","protected":false},"excerpt":{"rendered":"<p>Pour tous vos travaux de r\u00e9novation, AtoutElec vous conseillera et vous proposera la solution adapt\u00e9e \u00e0 vos besoins. AtoutElec intervient aussi pour des d\u00e9pannages dans plusieurs domaines tels que l&rsquo;\u00e9lectricit\u00e9 g\u00e9n\u00e9rale ou les courants faibles (Interphonie, Automatisme, Domotique, &#8230;). AtoutElec propose \u00e9galement des services pour les professionnels comme du remplacement d&rsquo;\u00e9clairage ou de la r\u00e9novation [&hellip;]<\/p>\n","protected":false},"author":1,"featured_media":0,"parent":0,"menu_order":0,"comment_status":"closed","ping_status":"closed","template":"","meta":{"footnotes":""},"_links":{"self":[{"href":"https:\/\/atoutelec.palaffre.fr\/index.php\/wp-json\/wp\/v2\/pages\/5"}],"collection":[{"href":"https:\/\/atoutelec.palaffre.fr\/index.php\/wp-json\/wp\/v2\/pages"}],"about":[{"href":"https:\/\/atoutelec.palaffre.fr\/index.php\/wp-json\/wp\/v2\/types\/page"}],"author":[{"embeddable":true,"href":"https:\/\/atoutelec.palaffre.fr\/index.php\/wp-json\/wp\/v2\/users\/1"}],"replies":[{"embeddable":true,"href":"https:\/\/atoutelec.palaffre.fr\/index.php\/wp-json\/wp\/v2\/comments?post=5"}],"version-history":[{"count":13,"href":"https:\/\/atoutelec.palaffre.fr\/index.php\/wp-json\/wp\/v2\/pages\/5\/revisions"}],"predecessor-version":[{"id":71,"href":"https:\/\/atoutelec.palaffre.fr\/index.php\/wp-json\/wp\/v2\/pages\/5\/revisions\/71"}],"wp:attachment":[{"href":"https:\/\/atoutelec.palaffre.fr\/index.php\/wp-json\/wp\/v2\/media?parent=5"}],"curies":[{"name":"wp","href":"https:\/\/api.w.org\/{rel}","templated":true}]}}